{"id":56,"date":"2021-05-25T12:18:32","date_gmt":"2021-05-25T10:18:32","guid":{"rendered":"http:\/\/freg.pl\/?page_id=56"},"modified":"2022-03-15T07:10:12","modified_gmt":"2022-03-15T06:10:12","slug":"fundacja-rozwoju-edukacji-gluchych","status":"publish","type":"page","link":"https:\/\/freg.pl\/","title":{"rendered":""},"content":{"rendered":"\n<figure class=\"wp-block-image size-thumbnail is-style-rounded\"><a href=\"http:\/\/freg.pl\/\"><img loading=\"lazy\" decoding=\"async\" width=\"150\" height=\"150\" src=\"http:\/\/freg.pl\/wp-content\/uploads\/2021\/05\/logo-2-2-150x150.jpg\" alt=\"logo fundacji - d\u0142o\u0144 na pomara\u0144czowym tle zwr\u00f3cona wn\u0119trzem do odbiorcy, palce u\u0142o\u017cone w znak ideograficzny litery F w polskim j\u0119zyku migowym, po prawej stronie d\u0142oni napis Fundacja Rowju Edukacji G\u0142uchych\" class=\"wp-image-64\"\/><\/a><\/figure>\n\n\n\n<figure class=\"wp-block-video\"><video height=\"1080\" style=\"aspect-ratio: 1920 \/ 1080;\" width=\"1920\" controls src=\"http:\/\/freg.pl\/wp-content\/uploads\/2021\/12\/4.mp4\"><\/video><\/figure>\n\n\n\n<p class=\"has-normal-font-size\">Witamy na stronie Fundacji Rozwoju Edukacji G\u0142uchych.<\/p>\n\n\n\n<p class=\"has-normal-font-size\"><\/p>\n\n\n\n<p class=\"has-normal-font-size\">Fundacja istnieje od 2014 roku, aby &nbsp; poprawi\u0107 dost\u0119p os\u00f3b g\u0142uchych do edukacji dwuj\u0119zycznej, informacji i wiedzy.<\/p>\n\n\n\n<p class=\"has-normal-font-size\">Zapraszamy do \u015bledzenia naszych dzia\u0142a\u0144.<\/p>\n\n\n\n<p>Strona powsta\u0142a w ramach projektu \u201eM\u00f3j powiat \u2013 jest PJM?\u201d, realizowanego z dotacji programu Aktywni Obywatele &#8211; Fundusz Krajowy, finansowanego przez Islandi\u0119, Lichtenstein i Norwegi\u0119 w ramach Funduszy EOG.<\/p>\n\n\n\n<p><\/p>\n\n\n\n<p><\/p>\n\n\n\n<figure class=\"wp-block-image size-medium\"><img loading=\"lazy\" decoding=\"async\" width=\"300\" height=\"105\" src=\"http:\/\/freg.pl\/wp-content\/uploads\/2021\/12\/Active-citizens-fund@4x-300x105.png\" alt=\"logo Funduszu Aktywni Obywatele \" class=\"wp-image-280\" srcset=\"https:\/\/freg.pl\/wp-content\/uploads\/2021\/12\/Active-citizens-fund@4x-300x105.png 300w, https:\/\/freg.pl\/wp-content\/uploads\/2021\/12\/Active-citizens-fund@4x-1024x359.png 1024w, https:\/\/freg.pl\/wp-content\/uploads\/2021\/12\/Active-citizens-fund@4x-768x270.png 768w, https:\/\/freg.pl\/wp-content\/uploads\/2021\/12\/Active-citizens-fund@4x-1536x539.png 1536w, https:\/\/freg.pl\/wp-content\/uploads\/2021\/12\/Active-citizens-fund@4x-2048x719.png 2048w, https:\/\/freg.pl\/wp-content\/uploads\/2021\/12\/Active-citizens-fund@4x-1568x550.png 1568w\" sizes=\"auto, (max-width: 300px) 100vw, 300px\" \/><\/figure>\n","protected":false},"excerpt":{"rendered":"<p>Witamy na stronie Fundacji Rozwoju Edukacji G\u0142uchych. Fundacja istnieje od 2014 roku, aby &nbsp; poprawi\u0107 dost\u0119p os\u00f3b g\u0142uchych do edukacji dwuj\u0119zycznej, informacji i wiedzy. Zapraszamy do \u015bledzenia naszych dzia\u0142a\u0144. Strona powsta\u0142a w ramach projektu \u201eM\u00f3j powiat \u2013 jest PJM?\u201d, realizowanego z dotacji programu Aktywni Obywatele &#8211; Fundusz Krajowy, finansowanego przez Islandi\u0119, Lichtenstein i Norwegi\u0119 w &hellip; <\/p>\n<p class=\"link-more\"><a href=\"https:\/\/freg.pl\/\" class=\"more-link\">Czytaj dalej<span class=\"screen-reader-text\"> <\/span><\/a><\/p>\n","protected":false},"author":1,"featured_media":0,"parent":0,"menu_order":1,"comment_status":"closed","ping_status":"closed","template":"","meta":{"footnotes":""},"class_list":["post-56","page","type-page","status-publish","hentry","entry"],"yoast_head":"<!-- This site is optimized with the Yoast SEO plugin v16.1.1 - https:\/\/yoast.com\/wordpress\/plugins\/seo\/ -->\n<title>- Fundacja Rozwoju Edukacji G\u0142uchych<\/title>\n<link rel=\"canonical\" href=\"https:\/\/freg.pl\/\" \/>\n<meta property=\"og:locale\" content=\"pl_PL\" \/>\n<meta property=\"og:type\" content=\"article\" \/>\n<meta property=\"og:title\" content=\"- Fundacja Rozwoju Edukacji G\u0142uchych\" \/>\n<meta property=\"og:description\" content=\"Witamy na stronie Fundacji Rozwoju Edukacji G\u0142uchych. Fundacja istnieje od 2014 roku, aby &nbsp; poprawi\u0107 dost\u0119p os\u00f3b g\u0142uchych do edukacji dwuj\u0119zycznej, informacji i wiedzy. Zapraszamy do \u015bledzenia naszych dzia\u0142a\u0144. Strona powsta\u0142a w ramach projektu \u201eM\u00f3j powiat \u2013 jest PJM?\u201d, realizowanego z dotacji programu Aktywni Obywatele &#8211; Fundusz Krajowy, finansowanego przez Islandi\u0119, Lichtenstein i Norwegi\u0119 w &hellip; Czytaj dalej\" \/>\n<meta property=\"og:url\" content=\"https:\/\/freg.pl\/\" \/>\n<meta property=\"og:site_name\" content=\"Fundacja Rozwoju Edukacji G\u0142uchych\" \/>\n<meta property=\"article:modified_time\" content=\"2022-03-15T06:10:12+00:00\" \/>\n<meta property=\"og:image\" content=\"http:\/\/freg.pl\/wp-content\/uploads\/2021\/05\/logo-2-2-150x150.jpg\" \/>\n<meta name=\"twitter:card\" content=\"summary_large_image\" \/>\n<meta name=\"twitter:label1\" content=\"Szacowany czas czytania\">\n\t<meta name=\"twitter:data1\" content=\"1 minuta\">\n<script type=\"application\/ld+json\" class=\"yoast-schema-graph\">{\"@context\":\"https:\/\/schema.org\",\"@graph\":[{\"@type\":\"WebSite\",\"@id\":\"https:\/\/freg.pl\/#website\",\"url\":\"https:\/\/freg.pl\/\",\"name\":\"Fundacja Rozwoju Edukacji G\\u0142uchych\",\"description\":\"\",\"potentialAction\":[{\"@type\":\"SearchAction\",\"target\":\"https:\/\/freg.pl\/?s={search_term_string}\",\"query-input\":\"required name=search_term_string\"}],\"inLanguage\":\"pl-PL\"},{\"@type\":\"ImageObject\",\"@id\":\"https:\/\/freg.pl\/#primaryimage\",\"inLanguage\":\"pl-PL\",\"url\":\"http:\/\/freg.pl\/wp-content\/uploads\/2021\/05\/logo-2-2-150x150.jpg\",\"contentUrl\":\"http:\/\/freg.pl\/wp-content\/uploads\/2021\/05\/logo-2-2-150x150.jpg\"},{\"@type\":\"WebPage\",\"@id\":\"https:\/\/freg.pl\/#webpage\",\"url\":\"https:\/\/freg.pl\/\",\"name\":\"- Fundacja Rozwoju Edukacji G\\u0142uchych\",\"isPartOf\":{\"@id\":\"https:\/\/freg.pl\/#website\"},\"primaryImageOfPage\":{\"@id\":\"https:\/\/freg.pl\/#primaryimage\"},\"datePublished\":\"2021-05-25T10:18:32+00:00\",\"dateModified\":\"2022-03-15T06:10:12+00:00\",\"breadcrumb\":{\"@id\":\"https:\/\/freg.pl\/#breadcrumb\"},\"inLanguage\":\"pl-PL\",\"potentialAction\":[{\"@type\":\"ReadAction\",\"target\":[\"https:\/\/freg.pl\/\"]}]},{\"@type\":\"BreadcrumbList\",\"@id\":\"https:\/\/freg.pl\/#breadcrumb\",\"itemListElement\":[{\"@type\":\"ListItem\",\"position\":1,\"item\":{\"@type\":\"WebPage\",\"@id\":\"https:\/\/freg.pl\/\",\"url\":\"https:\/\/freg.pl\/\",\"name\":\"Home\"}},{\"@type\":\"ListItem\",\"position\":2,\"item\":{\"@type\":\"WebPage\",\"@id\":\"https:\/\/freg.pl\/\",\"url\":\"https:\/\/freg.pl\/\",\"name\":\"- Fundacja Rozwoju Edukacji G\\u0142uchych\"}}]}]}<\/script>\n<!-- \/ Yoast SEO plugin. -->","_links":{"self":[{"href":"https:\/\/freg.pl\/index.php?rest_route=\/wp\/v2\/pages\/56","targetHints":{"allow":["GET"]}}],"collection":[{"href":"https:\/\/freg.pl\/index.php?rest_route=\/wp\/v2\/pages"}],"about":[{"href":"https:\/\/freg.pl\/index.php?rest_route=\/wp\/v2\/types\/page"}],"author":[{"embeddable":true,"href":"https:\/\/freg.pl\/index.php?rest_route=\/wp\/v2\/users\/1"}],"replies":[{"embeddable":true,"href":"https:\/\/freg.pl\/index.php?rest_route=%2Fwp%2Fv2%2Fcomments&post=56"}],"version-history":[{"count":35,"href":"https:\/\/freg.pl\/index.php?rest_route=\/wp\/v2\/pages\/56\/revisions"}],"predecessor-version":[{"id":366,"href":"https:\/\/freg.pl\/index.php?rest_route=\/wp\/v2\/pages\/56\/revisions\/366"}],"wp:attachment":[{"href":"https:\/\/freg.pl\/index.php?rest_route=%2Fwp%2Fv2%2Fmedia&parent=56"}],"curies":[{"name":"wp","href":"https:\/\/api.w.org\/{rel}","templated":true}]}}