{"id":31,"date":"2021-05-25T11:52:48","date_gmt":"2021-05-25T09:52:48","guid":{"rendered":"http:\/\/freg.pl\/?page_id=31"},"modified":"2022-05-18T19:47:49","modified_gmt":"2022-05-18T17:47:49","slug":"instytucje","status":"publish","type":"page","link":"https:\/\/freg.pl\/?page_id=31","title":{"rendered":"instytucje"},"content":{"rendered":"\n<div class=\"wp-block-media-text alignwide is-stacked-on-mobile is-vertically-aligned-top\" style=\"grid-template-columns:60% auto\"><figure class=\"wp-block-media-text__media\"><video controls src=\"http:\/\/freg.pl\/wp-content\/uploads\/2022\/05\/instytucje.mp4\"><\/video><\/figure><div class=\"wp-block-media-text__content\">\n<p>Na pocz\u0105tek podajemy list\u0119 instytucji, kt\u00f3re wype\u0142ni\u0142y ankiet\u0119 i zgodzi\u0142y si\u0119 na dalsze badanie dost\u0119pno\u015bci dla klienta g\u0142uchego.<\/p>\n\n\n\n<p>To jest bardzo niewiele \u2013 bo zaledwie 17 spo\u015br\u00f3d ponad 300 maili, kt\u00f3re wys\u0142ali\u015bmy do wszystkich gmin, powiat\u00f3w, centr\u00f3w pomocy rodzinie, poradni psychologiczno-pedagogicznych, wybranych szpitali powiatowych, dom\u00f3w kultury, urz\u0119d\u00f3w pracy czy komend policji.<\/p>\n<\/div><\/div>\n\n\n\n<div class=\"wp-block-buttons is-layout-flex wp-block-buttons-is-layout-flex\">\n<div class=\"wp-block-button\"><a class=\"wp-block-button__link\" href=\"http:\/\/freg.pl\/?page_id=242\">Lista instytucji, kt\u00f3re zadeklarowa\u0142y udzia\u0142 w projekcie<\/a><\/div>\n<\/div>\n\n\n\n<div class=\"wp-block-buttons is-layout-flex wp-block-buttons-is-layout-flex\">\n<div class=\"wp-block-button\"><a class=\"wp-block-button__link\" href=\"http:\/\/freg.pl\/?page_id=248\">Lista instytucji, kt\u00f3re odpowiedzia\u0142y na ankiet\u0119<\/a><\/div>\n<\/div>\n\n\n\n<div class=\"wp-block-buttons is-layout-flex wp-block-buttons-is-layout-flex\">\n<div class=\"wp-block-button\"><a class=\"wp-block-button__link\">Lista instytucji, w kt\u00f3rych odby\u0142a si\u0119 wizyta self-adwokata<\/a><\/div>\n<\/div>\n\n\n\n<div class=\"wp-block-columns is-layout-flex wp-container-core-columns-is-layout-9d6595d7 wp-block-columns-is-layout-flex\">\n<div class=\"wp-block-column is-layout-flow wp-block-column-is-layout-flow\" style=\"flex-basis:100%\">\n<div class=\"wp-block-group alignfull\"><div class=\"wp-block-group__inner-container is-layout-flow wp-block-group-is-layout-flow\"><\/div><\/div>\n<\/div>\n<\/div>\n\n\n\n<p class=\"has-small-font-size\">Strona powsta\u0142a w ramach projektu \u201eM\u00f3j powiat \u2013 jest PJM?\u201d, realizowanego z dotacji programu Aktywni Obywatele \u2013 Fundusz Krajowy, finansowanego przez Islandi\u0119, Lichtenstein i Norwegi\u0119 w ramach Funduszy EOG.<\/p>\n\n\n\n<figure class=\"wp-block-image size-medium\"><img loading=\"lazy\" decoding=\"async\" width=\"300\" height=\"105\" src=\"http:\/\/freg.pl\/wp-content\/uploads\/2021\/12\/Active-citizens-fund@4x-300x105.png\" alt=\"logo programu Aktywni Obywatele\" class=\"wp-image-280\" srcset=\"https:\/\/freg.pl\/wp-content\/uploads\/2021\/12\/Active-citizens-fund@4x-300x105.png 300w, https:\/\/freg.pl\/wp-content\/uploads\/2021\/12\/Active-citizens-fund@4x-1024x359.png 1024w, https:\/\/freg.pl\/wp-content\/uploads\/2021\/12\/Active-citizens-fund@4x-768x270.png 768w, https:\/\/freg.pl\/wp-content\/uploads\/2021\/12\/Active-citizens-fund@4x-1536x539.png 1536w, https:\/\/freg.pl\/wp-content\/uploads\/2021\/12\/Active-citizens-fund@4x-2048x719.png 2048w, https:\/\/freg.pl\/wp-content\/uploads\/2021\/12\/Active-citizens-fund@4x-1568x550.png 1568w\" sizes=\"auto, (max-width: 300px) 100vw, 300px\" \/><\/figure>\n","protected":false},"excerpt":{"rendered":"<p>Na pocz\u0105tek podajemy list\u0119 instytucji, kt\u00f3re wype\u0142ni\u0142y ankiet\u0119 i zgodzi\u0142y si\u0119 na dalsze badanie dost\u0119pno\u015bci dla klienta g\u0142uchego. To jest bardzo niewiele \u2013 bo zaledwie 17 spo\u015br\u00f3d ponad 300 maili, kt\u00f3re wys\u0142ali\u015bmy do wszystkich gmin, powiat\u00f3w, centr\u00f3w pomocy rodzinie, poradni psychologiczno-pedagogicznych, wybranych szpitali powiatowych, dom\u00f3w kultury, urz\u0119d\u00f3w pracy czy komend policji. Strona powsta\u0142a w ramach &hellip; <\/p>\n<p class=\"link-more\"><a href=\"https:\/\/freg.pl\/?page_id=31\" class=\"more-link\">Czytaj dalej<span class=\"screen-reader-text\"> instytucje<\/span><\/a><\/p>\n","protected":false},"author":1,"featured_media":0,"parent":0,"menu_order":0,"comment_status":"closed","ping_status":"closed","template":"","meta":{"footnotes":""},"class_list":["post-31","page","type-page","status-publish","hentry","entry"],"yoast_head":"<!-- This site is optimized with the Yoast SEO plugin v16.1.1 - https:\/\/yoast.com\/wordpress\/plugins\/seo\/ -->\n<title>instytucje - Fundacja Rozwoju Edukacji G\u0142uchych<\/title>\n<link rel=\"canonical\" href=\"https:\/\/freg.pl\/?page_id=31\" \/>\n<meta property=\"og:locale\" content=\"pl_PL\" \/>\n<meta property=\"og:type\" content=\"article\" \/>\n<meta property=\"og:title\" content=\"instytucje - Fundacja Rozwoju Edukacji G\u0142uchych\" \/>\n<meta property=\"og:description\" content=\"Na pocz\u0105tek podajemy list\u0119 instytucji, kt\u00f3re wype\u0142ni\u0142y ankiet\u0119 i zgodzi\u0142y si\u0119 na dalsze badanie dost\u0119pno\u015bci dla klienta g\u0142uchego. To jest bardzo niewiele \u2013 bo zaledwie 17 spo\u015br\u00f3d ponad 300 maili, kt\u00f3re wys\u0142ali\u015bmy do wszystkich gmin, powiat\u00f3w, centr\u00f3w pomocy rodzinie, poradni psychologiczno-pedagogicznych, wybranych szpitali powiatowych, dom\u00f3w kultury, urz\u0119d\u00f3w pracy czy komend policji. Strona powsta\u0142a w ramach &hellip; Czytaj dalej instytucje\" \/>\n<meta property=\"og:url\" content=\"https:\/\/freg.pl\/?page_id=31\" \/>\n<meta property=\"og:site_name\" content=\"Fundacja Rozwoju Edukacji G\u0142uchych\" \/>\n<meta property=\"article:modified_time\" content=\"2022-05-18T17:47:49+00:00\" \/>\n<meta property=\"og:image\" content=\"http:\/\/freg.pl\/wp-content\/uploads\/2021\/12\/Active-citizens-fund@4x-300x105.png\" \/>\n<meta name=\"twitter:card\" content=\"summary_large_image\" \/>\n<meta name=\"twitter:label1\" content=\"Szacowany czas czytania\">\n\t<meta name=\"twitter:data1\" content=\"1 minuta\">\n<script type=\"application\/ld+json\" class=\"yoast-schema-graph\">{\"@context\":\"https:\/\/schema.org\",\"@graph\":[{\"@type\":\"WebSite\",\"@id\":\"https:\/\/freg.pl\/#website\",\"url\":\"https:\/\/freg.pl\/\",\"name\":\"Fundacja Rozwoju Edukacji G\\u0142uchych\",\"description\":\"\",\"potentialAction\":[{\"@type\":\"SearchAction\",\"target\":\"https:\/\/freg.pl\/?s={search_term_string}\",\"query-input\":\"required name=search_term_string\"}],\"inLanguage\":\"pl-PL\"},{\"@type\":\"ImageObject\",\"@id\":\"https:\/\/freg.pl\/?page_id=31#primaryimage\",\"inLanguage\":\"pl-PL\",\"url\":\"http:\/\/freg.pl\/wp-content\/uploads\/2021\/12\/Active-citizens-fund@4x-300x105.png\",\"contentUrl\":\"http:\/\/freg.pl\/wp-content\/uploads\/2021\/12\/Active-citizens-fund@4x-300x105.png\"},{\"@type\":\"WebPage\",\"@id\":\"https:\/\/freg.pl\/?page_id=31#webpage\",\"url\":\"https:\/\/freg.pl\/?page_id=31\",\"name\":\"instytucje - Fundacja Rozwoju Edukacji G\\u0142uchych\",\"isPartOf\":{\"@id\":\"https:\/\/freg.pl\/#website\"},\"primaryImageOfPage\":{\"@id\":\"https:\/\/freg.pl\/?page_id=31#primaryimage\"},\"datePublished\":\"2021-05-25T09:52:48+00:00\",\"dateModified\":\"2022-05-18T17:47:49+00:00\",\"breadcrumb\":{\"@id\":\"https:\/\/freg.pl\/?page_id=31#breadcrumb\"},\"inLanguage\":\"pl-PL\",\"potentialAction\":[{\"@type\":\"ReadAction\",\"target\":[\"https:\/\/freg.pl\/?page_id=31\"]}]},{\"@type\":\"BreadcrumbList\",\"@id\":\"https:\/\/freg.pl\/?page_id=31#breadcrumb\",\"itemListElement\":[{\"@type\":\"ListItem\",\"position\":1,\"item\":{\"@type\":\"WebPage\",\"@id\":\"https:\/\/freg.pl\/\",\"url\":\"https:\/\/freg.pl\/\",\"name\":\"Home\"}},{\"@type\":\"ListItem\",\"position\":2,\"item\":{\"@type\":\"WebPage\",\"@id\":\"https:\/\/freg.pl\/?page_id=31\",\"url\":\"https:\/\/freg.pl\/?page_id=31\",\"name\":\"instytucje\"}}]}]}<\/script>\n<!-- \/ Yoast SEO plugin. -->","_links":{"self":[{"href":"https:\/\/freg.pl\/index.php?rest_route=\/wp\/v2\/pages\/31","targetHints":{"allow":["GET"]}}],"collection":[{"href":"https:\/\/freg.pl\/index.php?rest_route=\/wp\/v2\/pages"}],"about":[{"href":"https:\/\/freg.pl\/index.php?rest_route=\/wp\/v2\/types\/page"}],"author":[{"embeddable":true,"href":"https:\/\/freg.pl\/index.php?rest_route=\/wp\/v2\/users\/1"}],"replies":[{"embeddable":true,"href":"https:\/\/freg.pl\/index.php?rest_route=%2Fwp%2Fv2%2Fcomments&post=31"}],"version-history":[{"count":16,"href":"https:\/\/freg.pl\/index.php?rest_route=\/wp\/v2\/pages\/31\/revisions"}],"predecessor-version":[{"id":464,"href":"https:\/\/freg.pl\/index.php?rest_route=\/wp\/v2\/pages\/31\/revisions\/464"}],"wp:attachment":[{"href":"https:\/\/freg.pl\/index.php?rest_route=%2Fwp%2Fv2%2Fmedia&parent=31"}],"curies":[{"name":"wp","href":"https:\/\/api.w.org\/{rel}","templated":true}]}}