{"id":23,"date":"2021-05-25T11:39:45","date_gmt":"2021-05-25T09:39:45","guid":{"rendered":"http:\/\/freg.pl\/?page_id=23"},"modified":"2022-09-14T08:45:12","modified_gmt":"2022-09-14T06:45:12","slug":"sprawozdania","status":"publish","type":"page","link":"https:\/\/freg.pl\/?page_id=23","title":{"rendered":"zrealizowane projekty"},"content":{"rendered":"\n<div class=\"wp-block-media-text alignwide is-stacked-on-mobile\"><figure class=\"wp-block-media-text__media\"><video controls src=\"http:\/\/freg.pl\/wp-content\/uploads\/2022\/05\/dzien-gluchych-w-Skierniewicach.mp4\"><\/video><\/figure><div class=\"wp-block-media-text__content\">\n<p class=\"has-normal-font-size\"><strong>Dzie\u0144 G\u0142uchych w Skierniewicach <\/strong>(2017) wraz z nieformaln\u0105 grup\u0105 G\u0142usi Skierniewiczanie i we wsp\u00f3\u0142pracy z Centrum Kultury i Sztuki w Skierniewicach. Odby\u0142y si\u0119 warsztaty migowe, plastyczne (dla dzieci), pokaz filmu <a href=\"https:\/\/www.youtube.com\/watch?v=yEmEWZyhAts\">\u201eJa, G\u0142uchy\u201d<\/a>, wystawa malarstwa akwarelowego i rysunku tw\u00f3rc\u00f3w g\u0142uchych. W Dniu G\u0142uchych wzi\u0119\u0142o udzia\u0142 oko\u0142o 30 doros\u0142ych os\u00f3b g\u0142uchych, oko\u0142o 20 os\u00f3b s\u0142ysz\u0105cych oraz oko\u0142o 15 dzieci.<\/p>\n\n\n\n<p><\/p>\n<\/div><\/div>\n\n\n\n<div class=\"wp-block-columns is-layout-flex wp-container-core-columns-is-layout-9d6595d7 wp-block-columns-is-layout-flex\">\n<div class=\"wp-block-column is-layout-flow wp-block-column-is-layout-flow\" style=\"flex-basis:50%\"><\/div>\n\n\n\n<div class=\"wp-block-column is-layout-flow wp-block-column-is-layout-flow\" style=\"flex-basis:50%\"><\/div>\n<\/div>\n\n\n\n<div class=\"wp-block-columns is-layout-flex wp-container-core-columns-is-layout-9d6595d7 wp-block-columns-is-layout-flex\">\n<div class=\"wp-block-column is-layout-flow wp-block-column-is-layout-flow\" style=\"flex-basis:50%\"><\/div>\n<\/div>\n\n\n\n<div class=\"wp-block-media-text alignwide is-stacked-on-mobile\"><figure class=\"wp-block-media-text__media\"><video controls src=\"http:\/\/freg.pl\/wp-content\/uploads\/2022\/05\/kultura-dostepna-w-pjm.mp4\"><\/video><\/figure><div class=\"wp-block-media-text__content\">\n<p class=\"has-normal-font-size\"><strong>Kultura dost\u0119pna w PJM &#8211; wyjazdy tematyczne dla g\u0142uchych senior\u00f3w<\/strong> (2019) dotacja MKiDN w ramach programu Kultura dost\u0119pna. Zorganizowali\u015bmy 3 wyjazdy tematyczne:<br>1. do Lublina i Kazimierza Dolnego dla 38 uczestnik\u00f3w, w programie: Muzeum Lniarstwa w \u017byrardowie, Zamek Lubelski, Pa\u0144stwowe Muzeum na Majdanku, Galeria Labirynt.<br>2. do Malborka i Fromborka dla 30 uczestnik\u00f3w, w programie: zamek w Malborku, Muzeum Miko\u0142aja Kopernika we Fromborku, katedra we Fromborku.<br>3. do Oporowa, Arkadii i Nieborowa dla 19 uczestnik\u00f3w, w programie: muzeum-zamek w Oporowie, Muzeum w Nieborowie i Arkadii.<\/p>\n<\/div><\/div>\n\n\n\n<div class=\"wp-block-media-text alignwide is-stacked-on-mobile\"><figure class=\"wp-block-media-text__media\"><video controls src=\"http:\/\/freg.pl\/wp-content\/uploads\/2022\/05\/oboz-z-pfron.mp4\"><\/video><\/figure><div class=\"wp-block-media-text__content\">\n<p class=\"has-normal-font-size\"><strong>W 2020 roku<\/strong> pozyskali\u015bmy dotacje z PFRON na mi\u0119dzypokoleniowy ob\u00f3z g\u0142uchych i z Ministerstwa Kultury i Dziedzictwa Narodowego na turystyk\u0119 kulturow\u0105, jednak z powodu pandemii koronawirusa wydarzenia te nie odby\u0142y si\u0119, a dotacje zwr\u00f3cili\u015bmy.<\/p>\n<\/div><\/div>\n\n\n\n<div class=\"wp-block-columns is-layout-flex wp-container-core-columns-is-layout-9d6595d7 wp-block-columns-is-layout-flex\">\n<div class=\"wp-block-column is-layout-flow wp-block-column-is-layout-flow\" style=\"flex-basis:100%\">\n<div class=\"wp-block-columns is-layout-flex wp-container-core-columns-is-layout-9d6595d7 wp-block-columns-is-layout-flex\">\n<div class=\"wp-block-column is-layout-flow wp-block-column-is-layout-flow\" style=\"flex-basis:50%\"><\/div>\n\n\n\n<div class=\"wp-block-column is-layout-flow wp-block-column-is-layout-flow\" style=\"flex-basis:50%\"><\/div>\n<\/div>\n<\/div>\n<\/div>\n\n\n\n<p class=\"has-small-font-size\">Strona powsta\u0142a w ramach projektu \u201eM\u00f3j powiat \u2013 jest PJM?\u201d, realizowanego z dotacji programu Aktywni Obywatele \u2013 Fundusz Krajowy, finansowanego przez Islandi\u0119, Lichtenstein i Norwegi\u0119 w ramach Funduszy EOG.<\/p>\n\n\n\n<figure class=\"wp-block-image size-medium\"><img loading=\"lazy\" decoding=\"async\" width=\"300\" height=\"105\" src=\"http:\/\/freg.pl\/wp-content\/uploads\/2021\/12\/Active-citizens-fund@4x-300x105.png\" alt=\"logo programu Aktywni Obywatele\" class=\"wp-image-280\" srcset=\"https:\/\/freg.pl\/wp-content\/uploads\/2021\/12\/Active-citizens-fund@4x-300x105.png 300w, https:\/\/freg.pl\/wp-content\/uploads\/2021\/12\/Active-citizens-fund@4x-1024x359.png 1024w, https:\/\/freg.pl\/wp-content\/uploads\/2021\/12\/Active-citizens-fund@4x-768x270.png 768w, https:\/\/freg.pl\/wp-content\/uploads\/2021\/12\/Active-citizens-fund@4x-1536x539.png 1536w, https:\/\/freg.pl\/wp-content\/uploads\/2021\/12\/Active-citizens-fund@4x-2048x719.png 2048w, https:\/\/freg.pl\/wp-content\/uploads\/2021\/12\/Active-citizens-fund@4x-1568x550.png 1568w\" sizes=\"auto, (max-width: 300px) 100vw, 300px\" \/><\/figure>\n","protected":false},"excerpt":{"rendered":"<p>Dzie\u0144 G\u0142uchych w Skierniewicach (2017) wraz z nieformaln\u0105 grup\u0105 G\u0142usi Skierniewiczanie i we wsp\u00f3\u0142pracy z Centrum Kultury i Sztuki w Skierniewicach. Odby\u0142y si\u0119 warsztaty migowe, plastyczne (dla dzieci), pokaz filmu \u201eJa, G\u0142uchy\u201d, wystawa malarstwa akwarelowego i rysunku tw\u00f3rc\u00f3w g\u0142uchych. W Dniu G\u0142uchych wzi\u0119\u0142o udzia\u0142 oko\u0142o 30 doros\u0142ych os\u00f3b g\u0142uchych, oko\u0142o 20 os\u00f3b s\u0142ysz\u0105cych oraz oko\u0142o &hellip; <\/p>\n<p class=\"link-more\"><a href=\"https:\/\/freg.pl\/?page_id=23\" class=\"more-link\">Czytaj dalej<span class=\"screen-reader-text\"> zrealizowane projekty<\/span><\/a><\/p>\n","protected":false},"author":1,"featured_media":0,"parent":0,"menu_order":0,"comment_status":"closed","ping_status":"closed","template":"","meta":{"footnotes":""},"class_list":["post-23","page","type-page","status-publish","hentry","entry"],"yoast_head":"<!-- This site is optimized with the Yoast SEO plugin v16.1.1 - https:\/\/yoast.com\/wordpress\/plugins\/seo\/ -->\n<title>zrealizowane projekty - Fundacja Rozwoju Edukacji G\u0142uchych<\/title>\n<link rel=\"canonical\" href=\"https:\/\/freg.pl\/?page_id=23\" \/>\n<meta property=\"og:locale\" content=\"pl_PL\" \/>\n<meta property=\"og:type\" content=\"article\" \/>\n<meta property=\"og:title\" content=\"zrealizowane projekty - Fundacja Rozwoju Edukacji G\u0142uchych\" \/>\n<meta property=\"og:description\" content=\"Dzie\u0144 G\u0142uchych w Skierniewicach (2017) wraz z nieformaln\u0105 grup\u0105 G\u0142usi Skierniewiczanie i we wsp\u00f3\u0142pracy z Centrum Kultury i Sztuki w Skierniewicach. Odby\u0142y si\u0119 warsztaty migowe, plastyczne (dla dzieci), pokaz filmu \u201eJa, G\u0142uchy\u201d, wystawa malarstwa akwarelowego i rysunku tw\u00f3rc\u00f3w g\u0142uchych. W Dniu G\u0142uchych wzi\u0119\u0142o udzia\u0142 oko\u0142o 30 doros\u0142ych os\u00f3b g\u0142uchych, oko\u0142o 20 os\u00f3b s\u0142ysz\u0105cych oraz oko\u0142o &hellip; Czytaj dalej zrealizowane projekty\" \/>\n<meta property=\"og:url\" content=\"https:\/\/freg.pl\/?page_id=23\" \/>\n<meta property=\"og:site_name\" content=\"Fundacja Rozwoju Edukacji G\u0142uchych\" \/>\n<meta property=\"article:modified_time\" content=\"2022-09-14T06:45:12+00:00\" \/>\n<meta property=\"og:image\" content=\"http:\/\/freg.pl\/wp-content\/uploads\/2021\/12\/Active-citizens-fund@4x-300x105.png\" \/>\n<meta name=\"twitter:card\" content=\"summary_large_image\" \/>\n<meta name=\"twitter:label1\" content=\"Szacowany czas czytania\">\n\t<meta name=\"twitter:data1\" content=\"2 minuty\">\n<script type=\"application\/ld+json\" class=\"yoast-schema-graph\">{\"@context\":\"https:\/\/schema.org\",\"@graph\":[{\"@type\":\"WebSite\",\"@id\":\"https:\/\/freg.pl\/#website\",\"url\":\"https:\/\/freg.pl\/\",\"name\":\"Fundacja Rozwoju Edukacji G\\u0142uchych\",\"description\":\"\",\"potentialAction\":[{\"@type\":\"SearchAction\",\"target\":\"https:\/\/freg.pl\/?s={search_term_string}\",\"query-input\":\"required name=search_term_string\"}],\"inLanguage\":\"pl-PL\"},{\"@type\":\"ImageObject\",\"@id\":\"https:\/\/freg.pl\/?page_id=23#primaryimage\",\"inLanguage\":\"pl-PL\",\"url\":\"http:\/\/freg.pl\/wp-content\/uploads\/2021\/12\/Active-citizens-fund@4x-300x105.png\",\"contentUrl\":\"http:\/\/freg.pl\/wp-content\/uploads\/2021\/12\/Active-citizens-fund@4x-300x105.png\"},{\"@type\":\"WebPage\",\"@id\":\"https:\/\/freg.pl\/?page_id=23#webpage\",\"url\":\"https:\/\/freg.pl\/?page_id=23\",\"name\":\"zrealizowane projekty - Fundacja Rozwoju Edukacji G\\u0142uchych\",\"isPartOf\":{\"@id\":\"https:\/\/freg.pl\/#website\"},\"primaryImageOfPage\":{\"@id\":\"https:\/\/freg.pl\/?page_id=23#primaryimage\"},\"datePublished\":\"2021-05-25T09:39:45+00:00\",\"dateModified\":\"2022-09-14T06:45:12+00:00\",\"breadcrumb\":{\"@id\":\"https:\/\/freg.pl\/?page_id=23#breadcrumb\"},\"inLanguage\":\"pl-PL\",\"potentialAction\":[{\"@type\":\"ReadAction\",\"target\":[\"https:\/\/freg.pl\/?page_id=23\"]}]},{\"@type\":\"BreadcrumbList\",\"@id\":\"https:\/\/freg.pl\/?page_id=23#breadcrumb\",\"itemListElement\":[{\"@type\":\"ListItem\",\"position\":1,\"item\":{\"@type\":\"WebPage\",\"@id\":\"https:\/\/freg.pl\/\",\"url\":\"https:\/\/freg.pl\/\",\"name\":\"Home\"}},{\"@type\":\"ListItem\",\"position\":2,\"item\":{\"@type\":\"WebPage\",\"@id\":\"https:\/\/freg.pl\/?page_id=23\",\"url\":\"https:\/\/freg.pl\/?page_id=23\",\"name\":\"zrealizowane projekty\"}}]}]}<\/script>\n<!-- \/ Yoast SEO plugin. -->","_links":{"self":[{"href":"https:\/\/freg.pl\/index.php?rest_route=\/wp\/v2\/pages\/23","targetHints":{"allow":["GET"]}}],"collection":[{"href":"https:\/\/freg.pl\/index.php?rest_route=\/wp\/v2\/pages"}],"about":[{"href":"https:\/\/freg.pl\/index.php?rest_route=\/wp\/v2\/types\/page"}],"author":[{"embeddable":true,"href":"https:\/\/freg.pl\/index.php?rest_route=\/wp\/v2\/users\/1"}],"replies":[{"embeddable":true,"href":"https:\/\/freg.pl\/index.php?rest_route=%2Fwp%2Fv2%2Fcomments&post=23"}],"version-history":[{"count":10,"href":"https:\/\/freg.pl\/index.php?rest_route=\/wp\/v2\/pages\/23\/revisions"}],"predecessor-version":[{"id":517,"href":"https:\/\/freg.pl\/index.php?rest_route=\/wp\/v2\/pages\/23\/revisions\/517"}],"wp:attachment":[{"href":"https:\/\/freg.pl\/index.php?rest_route=%2Fwp%2Fv2%2Fmedia&parent=23"}],"curies":[{"name":"wp","href":"https:\/\/api.w.org\/{rel}","templated":true}]}}