{"id":18,"date":"2021-05-25T12:12:33","date_gmt":"2021-05-25T10:12:33","guid":{"rendered":"http:\/\/freg.pl\/?page_id=18"},"modified":"2022-05-18T19:48:12","modified_gmt":"2022-05-18T17:48:12","slug":"kontakt","status":"publish","type":"page","link":"https:\/\/freg.pl\/?page_id=18","title":{"rendered":"kontakt"},"content":{"rendered":"\n<p>Fundacja Rozwoju Edukacji G\u0142uchych, ul. Nawrot 94\/96, 90-040 \u0141\u00f3d\u017a<\/p>\n\n\n\n<p>fundacja.freg@gmail.com<\/p>\n\n\n\n<p>telefon\/ SMS: +48 695 055 064<\/p>\n\n\n\n<p><a href=\"https:\/\/www.facebook.com\/FREG-101009624919761\">Facebook<\/a><\/p>\n\n\n\n<p class=\"has-small-font-size\">Strona powsta\u0142a w ramach projektu \u201eM\u00f3j powiat \u2013 jest PJM?\u201d, realizowanego z dotacji programu Aktywni Obywatele \u2013 Fundusz Krajowy, finansowanego przez Islandi\u0119, Lichtenstein i Norwegi\u0119 w ramach Funduszy EOG.<\/p>\n\n\n\n<figure class=\"wp-block-image size-medium\"><img loading=\"lazy\" decoding=\"async\" width=\"300\" height=\"105\" src=\"http:\/\/freg.pl\/wp-content\/uploads\/2021\/12\/Active-citizens-fund@4x-300x105.png\" alt=\"logo programu Aktywni Obywatele\" class=\"wp-image-280\" srcset=\"https:\/\/freg.pl\/wp-content\/uploads\/2021\/12\/Active-citizens-fund@4x-300x105.png 300w, https:\/\/freg.pl\/wp-content\/uploads\/2021\/12\/Active-citizens-fund@4x-1024x359.png 1024w, https:\/\/freg.pl\/wp-content\/uploads\/2021\/12\/Active-citizens-fund@4x-768x270.png 768w, https:\/\/freg.pl\/wp-content\/uploads\/2021\/12\/Active-citizens-fund@4x-1536x539.png 1536w, https:\/\/freg.pl\/wp-content\/uploads\/2021\/12\/Active-citizens-fund@4x-2048x719.png 2048w, https:\/\/freg.pl\/wp-content\/uploads\/2021\/12\/Active-citizens-fund@4x-1568x550.png 1568w\" sizes=\"auto, (max-width: 300px) 100vw, 300px\" \/><\/figure>\n","protected":false},"excerpt":{"rendered":"<p>Fundacja Rozwoju Edukacji G\u0142uchych, ul. Nawrot 94\/96, 90-040 \u0141\u00f3d\u017a fundacja.freg@gmail.com telefon\/ SMS: +48 695 055 064 Facebook Strona powsta\u0142a w ramach projektu \u201eM\u00f3j powiat \u2013 jest PJM?\u201d, realizowanego z dotacji programu Aktywni Obywatele \u2013 Fundusz Krajowy, finansowanego przez Islandi\u0119, Lichtenstein i Norwegi\u0119 w ramach Funduszy EOG.<\/p>\n","protected":false},"author":1,"featured_media":0,"parent":0,"menu_order":0,"comment_status":"closed","ping_status":"closed","template":"","meta":{"footnotes":""},"class_list":["post-18","page","type-page","status-publish","hentry","entry"],"yoast_head":"<!-- This site is optimized with the Yoast SEO plugin v16.1.1 - https:\/\/yoast.com\/wordpress\/plugins\/seo\/ -->\n<title>kontakt - Fundacja Rozwoju Edukacji G\u0142uchych<\/title>\n<link rel=\"canonical\" href=\"https:\/\/freg.pl\/?page_id=18\" \/>\n<meta property=\"og:locale\" content=\"pl_PL\" \/>\n<meta property=\"og:type\" content=\"article\" \/>\n<meta property=\"og:title\" content=\"kontakt - Fundacja Rozwoju Edukacji G\u0142uchych\" \/>\n<meta property=\"og:description\" content=\"Fundacja Rozwoju Edukacji G\u0142uchych, ul. Nawrot 94\/96, 90-040 \u0141\u00f3d\u017a fundacja.freg@gmail.com telefon\/ SMS: +48 695 055 064 Facebook Strona powsta\u0142a w ramach projektu \u201eM\u00f3j powiat \u2013 jest PJM?\u201d, realizowanego z dotacji programu Aktywni Obywatele \u2013 Fundusz Krajowy, finansowanego przez Islandi\u0119, Lichtenstein i Norwegi\u0119 w ramach Funduszy EOG.\" \/>\n<meta property=\"og:url\" content=\"https:\/\/freg.pl\/?page_id=18\" \/>\n<meta property=\"og:site_name\" content=\"Fundacja Rozwoju Edukacji G\u0142uchych\" \/>\n<meta property=\"article:modified_time\" content=\"2022-05-18T17:48:12+00:00\" \/>\n<meta property=\"og:image\" content=\"http:\/\/freg.pl\/wp-content\/uploads\/2021\/12\/Active-citizens-fund@4x-300x105.png\" \/>\n<meta name=\"twitter:card\" content=\"summary_large_image\" \/>\n<meta name=\"twitter:label1\" content=\"Szacowany czas czytania\">\n\t<meta name=\"twitter:data1\" content=\"1 minuta\">\n<script type=\"application\/ld+json\" class=\"yoast-schema-graph\">{\"@context\":\"https:\/\/schema.org\",\"@graph\":[{\"@type\":\"WebSite\",\"@id\":\"https:\/\/freg.pl\/#website\",\"url\":\"https:\/\/freg.pl\/\",\"name\":\"Fundacja Rozwoju Edukacji G\\u0142uchych\",\"description\":\"\",\"potentialAction\":[{\"@type\":\"SearchAction\",\"target\":\"https:\/\/freg.pl\/?s={search_term_string}\",\"query-input\":\"required name=search_term_string\"}],\"inLanguage\":\"pl-PL\"},{\"@type\":\"ImageObject\",\"@id\":\"https:\/\/freg.pl\/?page_id=18#primaryimage\",\"inLanguage\":\"pl-PL\",\"url\":\"http:\/\/freg.pl\/wp-content\/uploads\/2021\/12\/Active-citizens-fund@4x-300x105.png\",\"contentUrl\":\"http:\/\/freg.pl\/wp-content\/uploads\/2021\/12\/Active-citizens-fund@4x-300x105.png\"},{\"@type\":\"WebPage\",\"@id\":\"https:\/\/freg.pl\/?page_id=18#webpage\",\"url\":\"https:\/\/freg.pl\/?page_id=18\",\"name\":\"kontakt - Fundacja Rozwoju Edukacji G\\u0142uchych\",\"isPartOf\":{\"@id\":\"https:\/\/freg.pl\/#website\"},\"primaryImageOfPage\":{\"@id\":\"https:\/\/freg.pl\/?page_id=18#primaryimage\"},\"datePublished\":\"2021-05-25T10:12:33+00:00\",\"dateModified\":\"2022-05-18T17:48:12+00:00\",\"breadcrumb\":{\"@id\":\"https:\/\/freg.pl\/?page_id=18#breadcrumb\"},\"inLanguage\":\"pl-PL\",\"potentialAction\":[{\"@type\":\"ReadAction\",\"target\":[\"https:\/\/freg.pl\/?page_id=18\"]}]},{\"@type\":\"BreadcrumbList\",\"@id\":\"https:\/\/freg.pl\/?page_id=18#breadcrumb\",\"itemListElement\":[{\"@type\":\"ListItem\",\"position\":1,\"item\":{\"@type\":\"WebPage\",\"@id\":\"https:\/\/freg.pl\/\",\"url\":\"https:\/\/freg.pl\/\",\"name\":\"Home\"}},{\"@type\":\"ListItem\",\"position\":2,\"item\":{\"@type\":\"WebPage\",\"@id\":\"https:\/\/freg.pl\/?page_id=18\",\"url\":\"https:\/\/freg.pl\/?page_id=18\",\"name\":\"kontakt\"}}]}]}<\/script>\n<!-- \/ Yoast SEO plugin. -->","_links":{"self":[{"href":"https:\/\/freg.pl\/index.php?rest_route=\/wp\/v2\/pages\/18","targetHints":{"allow":["GET"]}}],"collection":[{"href":"https:\/\/freg.pl\/index.php?rest_route=\/wp\/v2\/pages"}],"about":[{"href":"https:\/\/freg.pl\/index.php?rest_route=\/wp\/v2\/types\/page"}],"author":[{"embeddable":true,"href":"https:\/\/freg.pl\/index.php?rest_route=\/wp\/v2\/users\/1"}],"replies":[{"embeddable":true,"href":"https:\/\/freg.pl\/index.php?rest_route=%2Fwp%2Fv2%2Fcomments&post=18"}],"version-history":[{"count":7,"href":"https:\/\/freg.pl\/index.php?rest_route=\/wp\/v2\/pages\/18\/revisions"}],"predecessor-version":[{"id":465,"href":"https:\/\/freg.pl\/index.php?rest_route=\/wp\/v2\/pages\/18\/revisions\/465"}],"wp:attachment":[{"href":"https:\/\/freg.pl\/index.php?rest_route=%2Fwp%2Fv2%2Fmedia&parent=18"}],"curies":[{"name":"wp","href":"https:\/\/api.w.org\/{rel}","templated":true}]}}